{"id":493,"date":"2024-07-16T20:33:56","date_gmt":"2024-07-16T16:33:56","guid":{"rendered":"http:\/\/ataa.test\/?page_id=493"},"modified":"2026-01-12T15:38:04","modified_gmt":"2026-01-12T11:38:04","slug":"uzvluk-senedlerinin-siyahisi","status":"publish","type":"page","link":"https:\/\/ataa.az\/en\/uzv-ol\/uzvluk-senedlerinin-siyahisi\/","title":{"rendered":"List of Membership documents"},"content":{"rendered":"<p\n style=\"text-align: left;\"><a href=\"\/wp-content\/uploads\/2024\/07\/senedler1700008499.pdf\" target=\"_blank\" rel=\"noopener\"><b>\u00dcZVL\u00dcY\u018f NAM\u0130Z\u018fDL\u0130K \u00dc\u00c7\u00dcN T\u018fL\u018fB OLUNAN S\u018fN\u018fDL\u018fR\u0130N S\u0130YAHISI<\/b><\/a><\/p>\n<p\n style=\"text-align: left;\"><a href=\"\/wp-content\/uploads\/2024\/07\/ataa0011675984890.pdf\" target=\"_blank\" rel=\"noopener\"><b>\u00dcZVL\u00dcY\u018f M\u00dcRAC\u0130\u018fT FORMASI<\/b><\/a><\/p>\n<p\n style=\"text-align: left;\"><a href=\"\/wp-content\/uploads\/2024\/07\/ataa0021675984891.pdf\" target=\"_blank\" rel=\"noopener\"><b>\u00dcZVL\u00dcY\u018f NAM\u0130Z\u018fDL\u0130K FORMASI<\/b><\/a><\/p>\n","protected":false},"excerpt":{"rendered":"<p style=\"text-align: left;\"><a href=\"\/wp-content\/uploads\/2024\/07\/senedler1700008499.pdf\" target=\"_blank\" rel=\"noopener\"><b>\u00dcZVL\u00dcY\u018f NAM\u0130Z\u018fDL\u0130K \u00dc\u00c7\u00dcN T\u018fL\u018fB OLUNAN S\u018fN\u018fDL\u018fR\u0130N S\u0130YAHISI<\/b><\/a><\/p>\n<p style=\"text-align: left;\"><a href=\"\/wp-content\/uploads\/...\n<\/p>\n","protected":false},"author":1,"featured_media":0,"parent":490,"menu_order":0,"comment_status":"closed","ping_status":"closed","template":"","meta":{"footnotes":""},"class_list":["post-493","page","type-page","status-publish","hentry"],"_links":{"self":[{"href":"https:\/\/ataa.az\/en\/wp-json\/wp\/v2\/pages\/493","targetHints":{"allow":["GET"]}}],"collection":[{"href":"https:\/\/ataa.az\/en\/wp-json\/wp\/v2\/pages"}],"about":[{"href":"https:\/\/ataa.az\/en\/wp-json\/wp\/v2\/types\/page"}],"author":[{"embeddable":true,"href":"https:\/\/ataa.az\/en\/wp-json\/wp\/v2\/users\/1"}],"replies":[{"embeddable":true,"href":"https:\/\/ataa.az\/en\/wp-json\/wp\/v2\/comments?post=493"}],"version-history":[{"count":9,"href":"https:\/\/ataa.az\/en\/wp-json\/wp\/v2\/pages\/493\/revisions"}],"predecessor-version":[{"id":2532,"href":"https:\/\/ataa.az\/en\/wp-json\/wp\/v2\/pages\/493\/revisions\/2532"}],"up":[{"embeddable":true,"href":"https:\/\/ataa.az\/en\/wp-json\/wp\/v2\/pages\/490"}],"wp:attachment":[{"href":"https:\/\/ataa.az\/en\/wp-json\/wp\/v2\/media?parent=493"}],"curies":[{"name":"wp","href":"https:\/\/api.w.org\/{rel}","templated":true}]}}