{"id":275,"date":"2024-07-04T18:12:14","date_gmt":"2024-07-04T14:12:14","guid":{"rendered":"http:\/\/ataa.test\/?page_id=275"},"modified":"2026-04-14T11:55:12","modified_gmt":"2026-04-14T07:55:12","slug":"turizm-statistikasi","status":"publish","type":"page","link":"https:\/\/ataa.az\/en\/azerbaycan\/turizm-statistikasi\/","title":{"rendered":"Tourism statistics"},"content":{"rendered":"<p><strong><a\n href=\"https:\/\/tourism.gov.az\/uploads\/documents\/2022_statistika\/%C4%B0llik_turizm_statistikas%C4%B1_2021.pdf\" target=\"_blank\" rel=\"noopener\">\u0130LL\u0130K TUR\u0130ZM STAT\u0130ST\u0130KASI\u00a0( 2021)\u00a0<\/a><\/strong><\/p>\n<p><strong><a\n href=\"https:\/\/tourism.gov.az\/uploads\/documents\/statistic\/september_2022.pdf\" target=\"_blank\" rel=\"noopener\">SENTYABR AYININ TUR\u0130ZM STAT\u0130ST\u0130KASI\u00a0\u00a0( 01.09.2022)<\/a><\/strong><\/p>\n<p><strong><a\n href=\"https:\/\/tourism.gov.az\/uploads\/documents\/2022_statistika\/oktyabr_2022.pdf\" target=\"_blank\" rel=\"noopener\">OKTYABR AYININ TUR\u0130ZM STAT\u0130ST\u0130KASI\u00a0<\/a><a href=\"https:\/\/tourism.gov.az\/uploads\/documents\/2022_statistika\/oktyabr_2022.pdf\" target=\"_blank\" rel=\"noopener\">(01.10.2022)<\/a><\/strong><\/p>\n<p><strong><a\n href=\"https:\/\/tourism.gov.az\/uploads\/documents\/statistic\/-infographic_nov_2022.pdf\" target=\"_blank\" rel=\"noopener\">NOYABR AYININ TUR\u0130ZM STAT\u0130ST\u0130KASI (01.11.2022)\u00a0<\/a><\/strong><\/p>\n<p><strong><a\n href=\"https:\/\/tourism.gov.az\/uploads\/documents\/statistic\/dekabr_2022.pdf\" target=\"_blank\" rel=\"noopener\">DEKABR AYININ TUR\u0130ZM STAT\u0130ST\u0130KASI<\/a><a href=\"https:\/\/tourism.gov.az\/uploads\/documents\/statistic\/dekabr_2022.pdf\" target=\"_blank\" rel=\"noopener\">\u00a0(01.12.2022)\u00a0\u00a0<\/a><\/strong><\/p>\n<p><strong><a\n href=\"https:\/\/tourism.gov.az\/uploads\/documents\/2023_statistika\/arrivals_infographic_jan_2023.pdf\" target=\"_blank\" rel=\"noopener\">YANVAR AYININ TUR\u0130ZM STAT\u0130ST\u0130KASI (01.01.2023)\u00a0<\/a><\/strong><\/p>\n<p><strong><a\n href=\"https:\/\/tourism.gov.az\/uploads\/documents\/2023_statistika\/infographic_feb_2023.pdf\" target=\"_blank\" rel=\"noopener\">FEVRAL AYININ TUR\u0130ZM STAT\u0130ST\u0130KASI (01.02.2023)<\/a>\u00a0<\/strong><\/p>\n<p><strong><a\n href=\"https:\/\/tourism.gov.az\/uploads\/documents\/tender\/infographic_march_2023.pdf\" target=\"_blank\" rel=\"noopener\">MART\u00a0 AYININ TUR\u0130ZM STAT\u0130ST\u0130KASI\u00a0<\/a><a href=\"https:\/\/tourism.gov.az\/uploads\/documents\/tender\/infographic_march_2023.pdf\" target=\"_blank\" rel=\"noopener\">(01.03.2023)<\/a>\u00a0<\/strong><\/p>\n<p><strong><a\n href=\"https:\/\/tourism.gov.az\/uploads\/documents\/statistic\/april_23_infographic.pdf\" target=\"_blank\" rel=\"noopener\">APREL\u00a0<\/a><a href=\"https:\/\/tourism.gov.az\/uploads\/documents\/statistic\/april_23_infographic.pdf\" target=\"_blank\" rel=\"noopener\">\u00a0AYININ TUR\u0130ZM STAT\u0130ST\u0130KASI\u00a0<\/a><a href=\"https:\/\/tourism.gov.az\/uploads\/documents\/statistic\/april_23_infographic.pdf\" target=\"_blank\" rel=\"noopener\">(01.04.2023)\u00a0<\/a><\/strong><\/p>\n<p><strong><a\n href=\"https:\/\/tourism.gov.az\/uploads\/documents\/2023_statistika\/may_2023_infographic.pdf\" target=\"_blank\" rel=\"noopener\">MAY AYININ TUR\u0130ZM STAT\u0130ST\u0130KASI (01.05.2023)<\/a><\/strong><\/p>\n<p><strong>\u00a0<a href=\"https:\/\/tourism.gov.az\/uploads\/documents\/jun_23_arrivals_%C4%B0nfographic.pdf\" target=\"_blank\" rel=\"noopener\">IYUN AYININ STAT\u0130ST\u0130KASI (01.06.2023)<\/a><\/strong><\/p>\n<p><strong><a\n href=\"https:\/\/tourism.gov.az\/uploads\/documents\/2023_statistika\/jul_23_%C4%B0nfographic.pdf\" target=\"_blank\" rel=\"noopener\">iYUL AYININ STAT\u0130ST\u0130KASI (01.07.2023)\u00a0<\/a><\/strong><\/p>\n<p><strong><a\n href=\"https:\/\/tourism.gov.az\/uploads\/documents\/2023_statistika\/avq_23_g%C9%99lm%C9%99_say%C4%B1_arrivals.pdf\" target=\"_blank\" rel=\"noopener\">AVQUST AYININ STAT\u0130ST\u0130KASI (01.08.2023 )<\/a><\/strong><\/p>\n<p><strong><a\n href=\"https:\/\/tourism.gov.az\/uploads\/documents\/2023_statistika\/sep_23_g%C9%99lm%C9%99_say%C4%B1_arrivals.pdf\" target=\"_blank\" rel=\"noopener\">SENTYABR AYININ STAT\u0130ST\u0130KASI (01.09.2023)\u00a0<\/a><\/strong><\/p>\n<p><strong><a\n href=\"https:\/\/tourism.gov.az\/uploads\/documents\/2023_statistika\/oct_23_g%C9%99lm%C9%99_say%C4%B1_arrivals.pdf\" target=\"_blank\" rel=\"noopener\">OKTYABIR AYININ STAT\u0130ST\u0130KASI (01.10.2023)\u00a0<\/a><\/strong><\/p>\n<p><strong><a\n href=\"https:\/\/tourism.gov.az\/uploads\/documents\/2023_statistika\/nov_23_g%C9%99lm%C9%99_say%C4%B1_arrivals_(1).pdf\" target=\"_blank\" rel=\"noopener\">NOYABR AYININ STAT\u0130SK\u0130KASI (01.11.2023)<\/a><\/strong><\/p>\n<p><strong><a\n href=\"https:\/\/tourism.gov.az\/uploads\/documents\/2023_statistika\/+dekabr_2023_g%C9%99lm%C9%99_say%C4%B1_arrivals.pdf\" target=\"_blank\" rel=\"noopener\">DEKABR AYININ STAT\u0130ST\u0130KASI (01.12.2023)<\/a><\/strong><\/p>\n<p><strong><a\n href=\"https:\/\/tourism.gov.az\/uploads\/documents\/2024_statistika\/infographich_january_2024.pdf\" target=\"_blank\" rel=\"noopener\">YANVAR AYININ STATS\u0130T\u0130KASI (01.01.2024)<\/a><\/strong><\/p>\n<p><strong><a\n href=\"https:\/\/tourism.gov.az\/uploads\/documents\/2024_statistika\/fevral_2024_g%C9%99lm%C9%99_say%C4%B1_arrivals.pdf\" target=\"_blank\" rel=\"noopener\">FEVRAL AYININ STAT\u0130ST\u0130KASI (01.02.2024)<\/a><\/strong><\/p>\n<p><strong><a\n href=\"https:\/\/tourism.gov.az\/uploads\/documents\/2024_statistika\/march_2024_infographic.pdf\" target=\"_blank\" rel=\"noopener\">MART AYININ STAT\u0130ST\u0130KASI (01.03.2024)<\/a><\/strong><\/p>\n","protected":false},"excerpt":{"rendered":"<p><strong><a href=\"https:\/\/tourism.gov.az\/uploads\/documents\/2022_statistika\/%C4%B0llik_turizm_statistikas%C4%B1_2021.pdf\" target=\"_blank\" rel=\"noopener\">\u0130LL\u0130K TUR\u0130ZM STAT\u0130ST\u0130KASI\u00a0( 2021)\u00a0<\/a><\/strong><\/p>\n<p><strong><a href=\"https:\/\/tourism.gov.az\/uploads\/...\n<\/p>\n","protected":false},"author":1,"featured_media":0,"parent":476,"menu_order":0,"comment_status":"closed","ping_status":"closed","template":"","meta":{"footnotes":""},"class_list":["post-275","page","type-page","status-publish","hentry"],"_links":{"self":[{"href":"https:\/\/ataa.az\/en\/wp-json\/wp\/v2\/pages\/275","targetHints":{"allow":["GET"]}}],"collection":[{"href":"https:\/\/ataa.az\/en\/wp-json\/wp\/v2\/pages"}],"about":[{"href":"https:\/\/ataa.az\/en\/wp-json\/wp\/v2\/types\/page"}],"author":[{"embeddable":true,"href":"https:\/\/ataa.az\/en\/wp-json\/wp\/v2\/users\/1"}],"replies":[{"embeddable":true,"href":"https:\/\/ataa.az\/en\/wp-json\/wp\/v2\/comments?post=275"}],"version-history":[{"count":19,"href":"https:\/\/ataa.az\/en\/wp-json\/wp\/v2\/pages\/275\/revisions"}],"predecessor-version":[{"id":2705,"href":"https:\/\/ataa.az\/en\/wp-json\/wp\/v2\/pages\/275\/revisions\/2705"}],"up":[{"embeddable":true,"href":"https:\/\/ataa.az\/en\/wp-json\/wp\/v2\/pages\/476"}],"wp:attachment":[{"href":"https:\/\/ataa.az\/en\/wp-json\/wp\/v2\/media?parent=275"}],"curies":[{"name":"wp","href":"https:\/\/api.w.org\/{rel}","templated":true}]}}