{"id":2386,"date":"2025-12-01T02:21:25","date_gmt":"2025-11-30T22:21:25","guid":{"rendered":"https:\/\/ataa.az\/?page_id=2386"},"modified":"2026-01-12T15:32:10","modified_gmt":"2026-01-12T11:32:10","slug":"fiziki-sexsler","status":"publish","type":"page","link":"https:\/\/ataa.az\/en\/uzv-ol\/fiziki-sexsler\/","title":{"rendered":"Fiziki \u015f\u0259xsl\u0259r"},"content":{"rendered":"<p><strong>Assosiasiyaya \u00fczv olmaq \u00fc\u00e7\u00fcn ictimai qurumun \u0130dar\u0259 Hey\u0259ti t\u0259r\u0259find\u0259n m\u00fc\u0259yy\u0259n edilmi\u015f \u00fczvl\u00fcy\u0259 namiz\u0259dlik standartlar\u0131 m\u00f6vcuddur.<\/strong><\/p>\n<p><strong>Fiziki \u015f\u0259xsl\u0259r \u00fc\u00e7\u00fcn \u015f\u0259rtl\u0259r v\u0259 qaydalar:\u00a0<\/strong><\/p>\n<p>\u00dczvl\u00fcy\u0259 namiz\u0259d \u00f6lk\u0259nin turizm, m\u0259d\u0259niyy\u0259t, ictimai-sosial v\u0259 idman sah\u0259sind\u0259 minimum 1 illik aktiv f\u0259aliyy\u0259ti il\u0259 se\u00e7il\u0259n \u015f\u0259xs olmal\u0131d\u0131r.<\/p>\n<p>\u00dczvl\u00fcy\u0259 namiz\u0259din sosial \u015f\u0259b\u0259k\u0259l\u0259rd\u0259 aktiv v\u0259 q\u00fcsursuz f\u0259aliyy\u0259ti olmal\u0131d\u0131r.<\/p>\n<p>Namiz\u0259dliyi ir\u0259li s\u00fcr\u00fcl\u0259n fiziki \u015f\u0259xsin turizm xidm\u0259tl\u0259rinin g\u00f6st\u0259rilm\u0259si il\u0259 ba\u011fl\u0131 kommersiya y\u00f6n\u00fcml\u00fc f\u0259aliyy\u0259ti olmamal\u0131d\u0131r<\/p>\n","protected":false},"excerpt":{"rendered":"<p>Fiziki \u015f\u0259xsl\u0259r \u00fc\u00e7\u00fcn \u015f\u0259rtl\u0259r v\u0259 qaydalar:\u00a0&#8230;<\/p>\n","protected":false},"author":2,"featured_media":0,"parent":490,"menu_order":0,"comment_status":"closed","ping_status":"closed","template":"","meta":{"footnotes":""},"class_list":["post-2386","page","type-page","status-publish","hentry"],"_links":{"self":[{"href":"https:\/\/ataa.az\/en\/wp-json\/wp\/v2\/pages\/2386","targetHints":{"allow":["GET"]}}],"collection":[{"href":"https:\/\/ataa.az\/en\/wp-json\/wp\/v2\/pages"}],"about":[{"href":"https:\/\/ataa.az\/en\/wp-json\/wp\/v2\/types\/page"}],"author":[{"embeddable":true,"href":"https:\/\/ataa.az\/en\/wp-json\/wp\/v2\/users\/2"}],"replies":[{"embeddable":true,"href":"https:\/\/ataa.az\/en\/wp-json\/wp\/v2\/comments?post=2386"}],"version-history":[{"count":5,"href":"https:\/\/ataa.az\/en\/wp-json\/wp\/v2\/pages\/2386\/revisions"}],"predecessor-version":[{"id":2530,"href":"https:\/\/ataa.az\/en\/wp-json\/wp\/v2\/pages\/2386\/revisions\/2530"}],"up":[{"embeddable":true,"href":"https:\/\/ataa.az\/en\/wp-json\/wp\/v2\/pages\/490"}],"wp:attachment":[{"href":"https:\/\/ataa.az\/en\/wp-json\/wp\/v2\/media?parent=2386"}],"curies":[{"name":"wp","href":"https:\/\/api.w.org\/{rel}","templated":true}]}}