{"id":2377,"date":"2025-11-26T13:43:45","date_gmt":"2025-11-26T09:43:45","guid":{"rendered":"https:\/\/ataa.az\/?page_id=2377"},"modified":"2025-12-01T15:32:36","modified_gmt":"2025-12-01T11:32:36","slug":"huquqi-sexsler","status":"publish","type":"page","link":"https:\/\/ataa.az\/en\/uzv-ol\/huquqi-sexsler\/","title":{"rendered":"H\u00fcquqi \u015f\u0259xsl\u0259r"},"content":{"rendered":"<p data-start=\"0\" data-end=\"260\"><strong>Assosiasiyaya \u00fczv olmaq \u00fc\u00e7\u00fcn ictimai qurumun \u0130dar\u0259 Hey\u0259ti t\u0259r\u0259find\u0259n m\u00fc\u0259yy\u0259n edilmi\u015f \u00fczvl\u00fcy\u0259 namiz\u0259dlik standartlar\u0131 m\u00f6vcuddur.<\/strong><\/p>\n<p data-start=\"0\" data-end=\"260\"><strong>H\u00fcquqi \u015f\u0259xsl\u0259r \u00fc\u00e7\u00fcn \u015f\u0259rtl\u0259r v\u0259 qaydalar:\u00a0<\/strong><\/p>\n<p data-start=\"0\" data-end=\"260\">\u2013 Namiz\u0259dliyi ir\u0259li s\u00fcr\u00fcl\u0259n h\u00fcquqi \u015firk\u0259tin r\u0259smi i\u015f\u00e7il\u0259rinin say\u0131 3 n\u0259f\u0259r v\u0259 stabil f\u0259aliyy\u0259t m\u00fcdd\u0259ti minimum 1 il olmal\u0131d\u0131r.<\/p>\n<p data-start=\"0\" data-end=\"260\">\u2013 \u00dczv\u00fcl\u00fcy\u0259 namiz\u0259d \u015firk\u0259tin\u00a0 sosial \u015f\u0259b\u0259k\u0259l\u0259rd\u0259 aktiv v\u0259 q\u00fcsursuz f\u0259aliyy\u0259ti olmal\u0131d\u0131r.<\/p>\n<p data-start=\"0\" data-end=\"260\">\u2013\u00a0 M\u00fcasir standartlara uy\u011fun maddi texniki baza v\u0259 ofis t\u0259chizat\u0131 olmal\u0131d\u0131r.<\/p>\n<p data-start=\"0\" data-end=\"260\">\u2013 Az\u0259rbaycan\u0131n sosial iqtisadi bazar\u0131nda y\u00fcks\u0259k qiym\u0259tl\u0259ndiril\u0259n f\u0259aliyy\u0259ti olmal\u0131d\u0131r.<\/p>\n<p data-start=\"0\" data-end=\"260\">\u2013 H\u00fcquqi \u015firk\u0259tin a\u00e7\u0131q v\u0259 \u015f\u0259ffaf \u015firk\u0259t kapitalizasiyas\u0131 v\u0259 vergi strategiyas\u0131 olmal\u0131d\u0131r.<\/p>\n","protected":false},"excerpt":{"rendered":"<p>H\u00fcquqi \u015f\u0259xsl\u0259r \u00fc\u00e7\u00fcn \u015f\u0259rtl\u0259r v\u0259 qaydalar:\u00a0 \u2013 Namiz\u0259dliyi ir\u0259li s\u00fcr\u00fcl\u0259n h\u00fcquqi \u015firk\u0259tin r\u0259smi i\u015f\u00e7il\u0259rinin say\u0131 3 n\u0259f\u0259r v\u0259 stabil f\u0259aliyy\u0259t m\u00fcdd\u0259ti minimum 1 il olma&#8230;<\/p>\n","protected":false},"author":2,"featured_media":0,"parent":490,"menu_order":0,"comment_status":"closed","ping_status":"closed","template":"","meta":{"footnotes":""},"class_list":["post-2377","page","type-page","status-publish","hentry"],"_links":{"self":[{"href":"https:\/\/ataa.az\/en\/wp-json\/wp\/v2\/pages\/2377","targetHints":{"allow":["GET"]}}],"collection":[{"href":"https:\/\/ataa.az\/en\/wp-json\/wp\/v2\/pages"}],"about":[{"href":"https:\/\/ataa.az\/en\/wp-json\/wp\/v2\/types\/page"}],"author":[{"embeddable":true,"href":"https:\/\/ataa.az\/en\/wp-json\/wp\/v2\/users\/2"}],"replies":[{"embeddable":true,"href":"https:\/\/ataa.az\/en\/wp-json\/wp\/v2\/comments?post=2377"}],"version-history":[{"count":3,"href":"https:\/\/ataa.az\/en\/wp-json\/wp\/v2\/pages\/2377\/revisions"}],"predecessor-version":[{"id":2403,"href":"https:\/\/ataa.az\/en\/wp-json\/wp\/v2\/pages\/2377\/revisions\/2403"}],"up":[{"embeddable":true,"href":"https:\/\/ataa.az\/en\/wp-json\/wp\/v2\/pages\/490"}],"wp:attachment":[{"href":"https:\/\/ataa.az\/en\/wp-json\/wp\/v2\/media?parent=2377"}],"curies":[{"name":"wp","href":"https:\/\/api.w.org\/{rel}","templated":true}]}}